{"id":8,"date":"2025-02-06T13:37:58","date_gmt":"2025-02-06T12:37:58","guid":{"rendered":"http:\/\/robertonegro.com\/?page_id=8"},"modified":"2026-05-11T17:15:31","modified_gmt":"2026-05-11T15:15:31","slug":"home","status":"publish","type":"page","link":"https:\/\/robertonegro.com\/","title":{"rendered":"HOME"},"content":{"rendered":"\t\t<div data-elementor-type=\"wp-page\" data-elementor-id=\"8\" class=\"elementor elementor-8\" data-elementor-post-type=\"page\">\n\t\t\t\t<div class=\"elementor-element elementor-element-37c2d89 e-con-full e-flex e-con e-parent\" data-id=\"37c2d89\" data-element_type=\"container\" data-e-type=\"container\" data-settings=\"{&quot;background_background&quot;:&quot;slideshow&quot;,&quot;background_slideshow_gallery&quot;:[{&quot;id&quot;:211,&quot;url&quot;:&quot;http:\\\/\\\/robertonegro.com\\\/wp-content\\\/uploads\\\/2025\\\/02\\\/Roberto-Negro-2023-new8-WEB-JB-@Jean-Pascal-Retel-scaled-e1738851053467.jpg&quot;}],&quot;background_slideshow_slide_duration&quot;:5000,&quot;background_slideshow_slide_transition&quot;:&quot;fade&quot;,&quot;background_slideshow_transition_duration&quot;:500}\">\n\t\t\t\t<\/div>\n\t\t<div class=\"elementor-element elementor-element-a75d168 e-flex e-con-boxed e-con e-parent\" data-id=\"a75d168\" data-element_type=\"container\" data-e-type=\"container\">\n\t\t\t\t\t<div class=\"e-con-inner\">\n\t\t\t\t<div class=\"elementor-element elementor-element-b747c5b elementor-widget-divider--view-line elementor-widget elementor-widget-divider\" data-id=\"b747c5b\" data-element_type=\"widget\" data-e-type=\"widget\" data-widget_type=\"divider.default\">\n\t\t\t\t<div class=\"elementor-widget-container\">\n\t\t\t\t\t\t\t<div class=\"elementor-divider\">\n\t\t\t<span class=\"elementor-divider-separator\">\n\t\t\t\t\t\t<\/span>\n\t\t<\/div>\n\t\t\t\t\t\t<\/div>\n\t\t\t\t<\/div>\n\t\t\t\t\t<\/div>\n\t\t\t\t<\/div>\n\t\t<div class=\"elementor-element elementor-element-d77b407 e-flex e-con-boxed e-con e-parent\" data-id=\"d77b407\" data-element_type=\"container\" data-e-type=\"container\">\n\t\t\t\t\t<div class=\"e-con-inner\">\n\t\t\t\t<div class=\"elementor-element elementor-element-dbd9064 elementor-widget elementor-widget-heading\" data-id=\"dbd9064\" data-element_type=\"widget\" data-e-type=\"widget\" data-widget_type=\"heading.default\">\n\t\t\t\t<div class=\"elementor-widget-container\">\n\t\t\t\t\t<h2 class=\"elementor-heading-title elementor-size-default\">CHER VISITEUR, CHERE VISITEUSE,<\/h2>\t\t\t\t<\/div>\n\t\t\t\t<\/div>\n\t\t\t\t\t<\/div>\n\t\t\t\t<\/div>\n\t\t<div class=\"elementor-element elementor-element-eaeff05 e-flex e-con-boxed e-con e-parent\" data-id=\"eaeff05\" data-element_type=\"container\" data-e-type=\"container\">\n\t\t\t\t\t<div class=\"e-con-inner\">\n\t\t\t\t<div class=\"elementor-element elementor-element-0dd4340 elementor-widget-divider--view-line elementor-widget elementor-widget-divider\" data-id=\"0dd4340\" data-element_type=\"widget\" data-e-type=\"widget\" data-widget_type=\"divider.default\">\n\t\t\t\t<div class=\"elementor-widget-container\">\n\t\t\t\t\t\t\t<div class=\"elementor-divider\">\n\t\t\t<span class=\"elementor-divider-separator\">\n\t\t\t\t\t\t<\/span>\n\t\t<\/div>\n\t\t\t\t\t\t<\/div>\n\t\t\t\t<\/div>\n\t\t\t\t\t<\/div>\n\t\t\t\t<\/div>\n\t\t<div class=\"elementor-element elementor-element-47ae3c6 e-flex e-con-boxed e-con e-parent\" data-id=\"47ae3c6\" data-element_type=\"container\" data-e-type=\"container\">\n\t\t\t\t\t<div class=\"e-con-inner\">\n\t\t\t\t<div class=\"elementor-element elementor-element-3b0cd2f elementor-widget elementor-widget-text-editor\" data-id=\"3b0cd2f\" data-element_type=\"widget\" data-e-type=\"widget\" data-widget_type=\"text-editor.default\">\n\t\t\t\t<div class=\"elementor-widget-container\">\n\t\t\t\t\t\t\t\t\t<p><span style=\"font-weight: 400;\">Bienvenu.e dans ma galerie. Tu trouveras dans ces quelques pages un aper\u00e7u de mes cr\u00e9ations musicales, allant du solo aux grands ensembles, r\u00e9pondant \u00e0 des commandes d\u2019\u00e9criture (concerts, th\u00e9\u00e2tre, image) ou \u00e0 une simple envie de cr\u00e9er et produire ce qui appara\u00eet de temps \u00e0 autre dans ma petite t\u00eate. Tu auras de quoi lire, \u00e9couter, regarder.<\/span><\/p><p><span style=\"font-weight: 400;\">En guise de pr\u00e9sentation, tu peux commencer par les podcasts ci-dessous.<\/span><\/p><p><span style=\"font-weight: 400;\">Je te souhaite une belle visite ainsi qu\u2019une merveilleuse journ\u00e9e.<\/span><\/p><p>\u00a0<\/p><p><span style=\"font-weight: 400;\">Affectueusement,<\/span><\/p><p><span style=\"font-weight: 400;\">Roberto<\/span><\/p><p>\u00a0<\/p><p><em style=\"font-family: var( --e-global-typography-text-font-family ), Sans-serif; font-size: 1rem;\">P.S et pour recevoir des nouvelles de mon actualit\u00e9, n\u2019h\u00e9site pas \u00e0 t\u2019inscrire \u00e0 ma newsletter<\/em><\/p><p><br style=\"font-weight: 400;\" \/><br style=\"font-weight: 400;\" \/><\/p>\t\t\t\t\t\t\t\t<\/div>\n\t\t\t\t<\/div>\n\t\t\t\t\t<\/div>\n\t\t\t\t<\/div>\n\t\t<div class=\"elementor-element elementor-element-a6d9563 e-flex e-con-boxed e-con e-parent\" data-id=\"a6d9563\" data-element_type=\"container\" data-e-type=\"container\">\n\t\t\t\t\t<div class=\"e-con-inner\">\n\t\t\t\t<div class=\"elementor-element elementor-element-490b321 elementor-widget elementor-widget-heading\" data-id=\"490b321\" data-element_type=\"widget\" data-e-type=\"widget\" data-widget_type=\"heading.default\">\n\t\t\t\t<div class=\"elementor-widget-container\">\n\t\t\t\t\t<h2 class=\"elementor-heading-title elementor-size-default\">PODCAST<\/h2>\t\t\t\t<\/div>\n\t\t\t\t<\/div>\n\t\t\t\t\t<\/div>\n\t\t\t\t<\/div>\n\t\t<div class=\"elementor-element elementor-element-cb0a64b e-flex e-con-boxed e-con e-parent\" data-id=\"cb0a64b\" data-element_type=\"container\" data-e-type=\"container\">\n\t\t\t\t\t<div class=\"e-con-inner\">\n\t\t\t\t<div class=\"elementor-element elementor-element-9121210 elementor-widget-divider--view-line elementor-widget elementor-widget-divider\" data-id=\"9121210\" data-element_type=\"widget\" data-e-type=\"widget\" data-widget_type=\"divider.default\">\n\t\t\t\t<div class=\"elementor-widget-container\">\n\t\t\t\t\t\t\t<div class=\"elementor-divider\">\n\t\t\t<span class=\"elementor-divider-separator\">\n\t\t\t\t\t\t<\/span>\n\t\t<\/div>\n\t\t\t\t\t\t<\/div>\n\t\t\t\t<\/div>\n\t\t\t\t\t<\/div>\n\t\t\t\t<\/div>\n\t\t<div class=\"elementor-element elementor-element-4cc6422 e-con-full e-flex e-con e-parent\" data-id=\"4cc6422\" data-element_type=\"container\" data-e-type=\"container\">\n\t\t\t\t<div class=\"elementor-element elementor-element-bfc5ebc elementor-widget elementor-widget-heading\" data-id=\"bfc5ebc\" data-element_type=\"widget\" data-e-type=\"widget\" data-widget_type=\"heading.default\">\n\t\t\t\t<div class=\"elementor-widget-container\">\n\t\t\t\t\t<h2 class=\"elementor-heading-title elementor-size-default\"><a href=\"https:\/\/www.radiofrance.fr\/francemusique\/podcasts\/creation-grand-format\/roberto-negro-2674490\" target=\"_blank\">CREATION GRAND FORMAT  (France Musique)<\/a><\/h2>\t\t\t\t<\/div>\n\t\t\t\t<\/div>\n\t\t\t\t<\/div>\n\t\t<div class=\"elementor-element elementor-element-53b1e80 e-flex e-con-boxed e-con e-parent\" data-id=\"53b1e80\" data-element_type=\"container\" data-e-type=\"container\">\n\t\t\t\t\t<div class=\"e-con-inner\">\n\t\t\t\t<div class=\"elementor-element elementor-element-f18cde5 elementor-widget-divider--view-line elementor-widget elementor-widget-divider\" data-id=\"f18cde5\" data-element_type=\"widget\" data-e-type=\"widget\" data-widget_type=\"divider.default\">\n\t\t\t\t<div class=\"elementor-widget-container\">\n\t\t\t\t\t\t\t<div class=\"elementor-divider\">\n\t\t\t<span class=\"elementor-divider-separator\">\n\t\t\t\t\t\t<\/span>\n\t\t<\/div>\n\t\t\t\t\t\t<\/div>\n\t\t\t\t<\/div>\n\t\t\t\t\t<\/div>\n\t\t\t\t<\/div>\n\t\t<div class=\"elementor-element elementor-element-0f2fd29 e-con-full e-flex e-con e-parent\" data-id=\"0f2fd29\" data-element_type=\"container\" data-e-type=\"container\">\n\t\t\t\t<div class=\"elementor-element elementor-element-3a14c57 elementor-widget elementor-widget-heading\" data-id=\"3a14c57\" data-element_type=\"widget\" data-e-type=\"widget\" data-widget_type=\"heading.default\">\n\t\t\t\t<div class=\"elementor-widget-container\">\n\t\t\t\t\t<h2 class=\"elementor-heading-title elementor-size-default\"><a href=\"https:\/\/www.radiofrance.fr\/francemusique\/podcasts\/open-jazz\/emile-parisien-et-roberto-negro-fetent-le-centenaire-de-ligeti-1279003\" target=\"_blank\">LES METANUITS (France Musique)<\/a><\/h2>\t\t\t\t<\/div>\n\t\t\t\t<\/div>\n\t\t\t\t<\/div>\n\t\t<div class=\"elementor-element elementor-element-d55b878 e-flex e-con-boxed e-con e-parent\" data-id=\"d55b878\" data-element_type=\"container\" data-e-type=\"container\">\n\t\t\t\t\t<div class=\"e-con-inner\">\n\t\t\t\t<div class=\"elementor-element elementor-element-f89d2d9 elementor-widget-divider--view-line elementor-widget elementor-widget-divider\" data-id=\"f89d2d9\" data-element_type=\"widget\" data-e-type=\"widget\" data-widget_type=\"divider.default\">\n\t\t\t\t<div class=\"elementor-widget-container\">\n\t\t\t\t\t\t\t<div class=\"elementor-divider\">\n\t\t\t<span class=\"elementor-divider-separator\">\n\t\t\t\t\t\t<\/span>\n\t\t<\/div>\n\t\t\t\t\t\t<\/div>\n\t\t\t\t<\/div>\n\t\t\t\t\t<\/div>\n\t\t\t\t<\/div>\n\t\t\t\t<\/div>\n\t\t","protected":false},"excerpt":{"rendered":"<p>CHER VISITEUR, CHERE VISITEUSE, Bienvenu.e dans ma galerie. Tu trouveras dans ces quelques pages un aper\u00e7u de mes cr\u00e9ations musicales, allant du solo aux grands ensembles, r\u00e9pondant \u00e0 des commandes d\u2019\u00e9criture (concerts, th\u00e9\u00e2tre, image) ou \u00e0 une simple envie de cr\u00e9er et produire ce qui appara\u00eet de temps \u00e0 autre dans ma petite t\u00eate. Tu [&hellip;]<\/p>\n","protected":false},"author":1,"featured_media":0,"parent":0,"menu_order":0,"comment_status":"closed","ping_status":"closed","template":"elementor_header_footer","meta":{"footnotes":""},"class_list":["post-8","page","type-page","status-publish","hentry"],"_links":{"self":[{"href":"https:\/\/robertonegro.com\/index.php\/wp-json\/wp\/v2\/pages\/8","targetHints":{"allow":["GET"]}}],"collection":[{"href":"https:\/\/robertonegro.com\/index.php\/wp-json\/wp\/v2\/pages"}],"about":[{"href":"https:\/\/robertonegro.com\/index.php\/wp-json\/wp\/v2\/types\/page"}],"author":[{"embeddable":true,"href":"https:\/\/robertonegro.com\/index.php\/wp-json\/wp\/v2\/users\/1"}],"replies":[{"embeddable":true,"href":"https:\/\/robertonegro.com\/index.php\/wp-json\/wp\/v2\/comments?post=8"}],"version-history":[{"count":95,"href":"https:\/\/robertonegro.com\/index.php\/wp-json\/wp\/v2\/pages\/8\/revisions"}],"predecessor-version":[{"id":538,"href":"https:\/\/robertonegro.com\/index.php\/wp-json\/wp\/v2\/pages\/8\/revisions\/538"}],"wp:attachment":[{"href":"https:\/\/robertonegro.com\/index.php\/wp-json\/wp\/v2\/media?parent=8"}],"curies":[{"name":"wp","href":"https:\/\/api.w.org\/{rel}","templated":true}]}}